{"id":21574,"date":"2018-05-22T19:54:17","date_gmt":"2018-05-22T17:54:17","guid":{"rendered":"https:\/\/heylilahey.com\/lschanfrage\/"},"modified":"2018-05-23T22:19:25","modified_gmt":"2018-05-23T20:19:25","slug":"lschanfrage","status":"publish","type":"page","link":"https:\/\/heylilahey.com\/en\/lschanfrage\/","title":{"rendered":"L&ouml;schanfrage"},"content":{"rendered":"<p>Sie haben nach Ma\u00dfgabe des Art. 17 DSGVO das Recht zu verlangen, dass betreffende Daten unverz\u00fcglich gel\u00f6scht werden, bzw. alternativ nach Ma\u00dfgabe des Art. 18 DSGVO eine Einschr\u00e4nkung der Verarbeitung der Daten zu verlangen. Mit folgendem Formular:<\/p>\n  \r\n                <div class=\"sp-dsgvo sp-unsubsribe-form\">\r\n            <form method=\"post\" action=\"https:\/\/heylilahey.com\/wp-admin\/admin-ajax.php?action=super-unsubscribe\" >\r\n                <input type=\"hidden\" id=\"_wpnonce\" name=\"_wpnonce\" value=\"3c17d89bc6\" \/><input type=\"hidden\" name=\"_wp_http_referer\" value=\"\/en\/wp-json\/wp\/v2\/pages\/21574\" \/>                <fieldset>\r\n                    <div class=\"lwb-row\">\r\n                        <div class=\"lwb-col-3\">\r\n                            <label style=\"min-width:100px;\" for=\"email-field\">Vorname<\/label>\r\n                        <\/div>\r\n                        <div class=\"lwb-col-6\">\r\n                            <input class=\"w-100\" required type=\"text\" id=\"first-name-field\" name=\"first_name\" value=\"\" placeholder=\"Vorname\" spellcheck=\"false\" \/>\r\n                        <\/div>\r\n\r\n\r\n                    <\/div>\r\n                    <div class=\"lwb-row\">\r\n                        <div class=\"lwb-col-3\">\r\n                            <label for=\"email-field\">Nachname<\/label>\r\n                        <\/div>\r\n                        <div class=\"lwb-col-6\">\r\n                            <input class=\"w-100\" required type=\"text\" id=\"last-name-field\" name=\"last_name\" value=\"\" placeholder=\"Nachname\" spellcheck=\"false\" \/>\r\n                        <\/div>\r\n                    <\/div>\r\n\r\n\t\t\t\t\t<div class=\"lwb-row\">\r\n                        <div class=\"lwb-col-3\">\r\n                            <label for=\"email-field\">Email<\/label>\r\n                        <\/div>\r\n\t\t\t\t\t\t<div class=\"lwb-col-6\">\r\n                   \t\t\t <input class=\"w-100\" required type=\"email\" id=\"email-field\" name=\"email\" value=\"\" placeholder=\"Email\" spellcheck=\"false\" \/>\r\n\t\t\t\t\t\t<\/div>\r\n                    <\/div>\r\n                    <div class=\"lwb-row form-row-website-cap\">\r\n                        <div class=\"lwb-col-3\">\r\n                            <label for=\"email-field\">Webseite<\/label>\r\n                        <\/div>\r\n                        <div class=\"lwb-col-6\">\r\n                            <input class=\"w-100\" type=\"text\" id=\"website\" name=\"website\" value=\"\" placeholder=\"\" spellcheck=\"false\" \/>\r\n                        <\/div>\r\n                    <\/div>\r\n                    <div class=\"lwb-row\">\r\n\t\t\t\t\t\t<div class=\"lwb-col\">\r\n                    \t\t<label for=\"dsgvo-checkbox\">\r\n                   \t\t\t \t<input required type=\"checkbox\" id=\"dsgvo-checkbox\" name=\"dsgvo_checkbox\" value=\"1\" \/>\r\n                                                   \t\t\t \t<span style=\"font-weight:normal\">Ich stimme der Speicherung der Daten zur Verarbeitung im Sinne der DSGVO zu.<\/span>\r\n                   \t\t\t <\/label>\r\n\t\t\t\t\t\t<\/div>\r\n                    <\/div>\r\n                    <br>\r\n                    <input type=\"submit\" value=\"L\u00f6schanfrage senden\" \/>\r\n                <\/fieldset>\r\n            <\/form>\r\n        <\/div>\r\n            \n","protected":false},"excerpt":{"rendered":"<div class=\"post-excerpt\">Sie haben nach Ma\u00dfgabe des Art. 17 DSGVO das Recht zu verlangen, dass betreffende Daten unverz\u00fcglich gel\u00f6scht werden, bzw. alternativ nach Ma\u00dfgabe des Art. 18 DSGVO eine Einschr\u00e4nkung der Verarbeitung&hellip;<\/div>\n<div class=\"post-more\"><a href=\"https:\/\/heylilahey.com\/en\/lschanfrage\/\" class=\"button button-primary button-effect\"><span>View Post<\/span><span><i class=\"cs-icon cs-icon-arrow-right\"><\/i><\/span><\/a><\/div>\n","protected":false},"author":1,"featured_media":0,"parent":0,"menu_order":0,"comment_status":"closed","ping_status":"closed","template":"","meta":[],"_links":{"self":[{"href":"https:\/\/heylilahey.com\/en\/wp-json\/wp\/v2\/pages\/21574"}],"collection":[{"href":"https:\/\/heylilahey.com\/en\/wp-json\/wp\/v2\/pages"}],"about":[{"href":"https:\/\/heylilahey.com\/en\/wp-json\/wp\/v2\/types\/page"}],"author":[{"embeddable":true,"href":"https:\/\/heylilahey.com\/en\/wp-json\/wp\/v2\/users\/1"}],"replies":[{"embeddable":true,"href":"https:\/\/heylilahey.com\/en\/wp-json\/wp\/v2\/comments?post=21574"}],"version-history":[{"count":2,"href":"https:\/\/heylilahey.com\/en\/wp-json\/wp\/v2\/pages\/21574\/revisions"}],"predecessor-version":[{"id":21615,"href":"https:\/\/heylilahey.com\/en\/wp-json\/wp\/v2\/pages\/21574\/revisions\/21615"}],"wp:attachment":[{"href":"https:\/\/heylilahey.com\/en\/wp-json\/wp\/v2\/media?parent=21574"}],"curies":[{"name":"wp","href":"https:\/\/api.w.org\/{rel}","templated":true}]}}