{"id":21568,"date":"2018-05-22T19:16:06","date_gmt":"2018-05-22T17:16:06","guid":{"rendered":"https:\/\/heylilahey.com\/datenauszug\/"},"modified":"2018-05-23T22:18:38","modified_gmt":"2018-05-23T20:18:38","slug":"datenauszug","status":"publish","type":"page","link":"https:\/\/heylilahey.com\/de\/datenauszug\/","title":{"rendered":"Datenauszug"},"content":{"rendered":"<p>Sie haben das Recht, eine Best\u00e4tigung dar\u00fcber zu verlangen, ob betreffende Daten verarbeitet werden und auf Auskunft \u00fcber diese Daten sowie auf weitere Informationen und Kopie der Daten entsprechend Art. 15 DSGVO. Mit folgendem Formular:<\/p>\n  \r\n            <div class=\"sp-dsgvo sp-sar-form\">\r\n            <form method=\"post\" action=\"https:\/\/heylilahey.com\/wp-admin\/admin-ajax.php?action=subject-access-request\" class=\"sp-dsgvo-framework\">\r\n                <input type=\"hidden\" id=\"_wpnonce\" name=\"_wpnonce\" value=\"92db8fc6c4\" \/><input type=\"hidden\" name=\"_wp_http_referer\" value=\"\/de\/wp-json\/wp\/v2\/pages\/21568\" \/>                <fieldset>\r\n\r\n                \t<div class=\"lwb-row\">\r\n                \t\t<div class=\"lwb-col-3\">\r\n                \t\t\t<label for=\"email-field\">Vorname<\/label>\r\n                \t\t<\/div>\r\n                        <div class=\"lwb-col-6\">\r\n                            <input class=\"w-100\" required type=\"text\" id=\"first-name-field\" name=\"first_name\" value=\"\" placeholder=\"Vorname\" spellcheck=\"false\" \/>\r\n                        <\/div>\r\n                \t<\/div>\r\n\r\n                    <div class=\"lwb-row\">\r\n                        <div class=\"lwb-col-3\">\r\n                            <label for=\"email-field\">Nachname<\/label>\r\n                        <\/div>\r\n                        <div class=\"lwb-col-6\">\r\n                            <input class=\"w-100\" required type=\"text\" id=\"last-name-field\" name=\"last_name\" value=\"\" placeholder=\"Nachname\" spellcheck=\"false\" \/>\r\n                        <\/div>\r\n                    <\/div>\r\n\r\n                   <div class=\"lwb-row\">\r\n\t\t\t\t\t\t<div class=\"lwb-col-3\">\r\n                    \t\t<label for=\"email-field\">E-Mail-Adresse<\/label>\r\n\t\t\t\t\t\t<\/div>\r\n                        <div class=\"lwb-col-6\">\r\n                            <input class=\"w-100\" required type=\"email\" id=\"email-field\" name=\"email\" value=\"\" placeholder=\"E-Mail-Adresse\" spellcheck=\"false\" \/>\r\n                        <\/div>\r\n                    <\/div>\r\n                    <div class=\"lwb-row form-row-website-cap\">\r\n                        <div class=\"lwb-col-3\">\r\n                            <label for=\"email-field\">Website<\/label>\r\n                        <\/div>\r\n                        <div class=\"lwb-col-6\">\r\n                            <input class=\"w-100\" type=\"text\" id=\"website\" name=\"website\" value=\"\" placeholder=\"\" spellcheck=\"false\" \/>\r\n                        <\/div>\r\n                    <\/div>\r\n\r\n                    <div class=\"lwb-row\">\r\n\t\t\t\t\t\t<div class=\"lwb-col-12\">\r\n                    \t\t<label for=\"dsgvo-checkbox\">\r\n                   \t\t\t \t<input required type=\"checkbox\" id=\"dsgvo-checkbox\" name=\"dsgvo_checkbox\" value=\"1\" \/>\r\n                   \t\t\t \t<span style=\"font-weight:normal\">\r\n                                                                        Ich stimme der Speicherung der Daten zur Verarbeitung im Sinne der DSGVO zu.                                <\/span>\r\n                   \t\t\t <\/label>\r\n\t\t\t\t\t\t<\/div>\r\n                    <\/div>\r\n                    <br>\r\n                    <input type=\"submit\" value=\"Anfrage absenden\" \/>\r\n                <\/fieldset>\r\n            <\/form>\r\n    <\/div>\r\n            \n","protected":false},"excerpt":{"rendered":"<div class=\"post-excerpt\">Sie haben das Recht, eine Best\u00e4tigung dar\u00fcber zu verlangen, ob betreffende Daten verarbeitet werden und auf Auskunft \u00fcber diese Daten sowie auf weitere Informationen und Kopie der Daten entsprechend Art.&hellip;<\/div>\n<div class=\"post-more\"><a href=\"https:\/\/heylilahey.com\/de\/datenauszug\/\" class=\"button button-primary button-effect\"><span>Weiterlesen<\/span><span><i class=\"cs-icon cs-icon-arrow-right\"><\/i><\/span><\/a><\/div>\n","protected":false},"author":1,"featured_media":0,"parent":0,"menu_order":0,"comment_status":"closed","ping_status":"closed","template":"","meta":[],"_links":{"self":[{"href":"https:\/\/heylilahey.com\/de\/wp-json\/wp\/v2\/pages\/21568"}],"collection":[{"href":"https:\/\/heylilahey.com\/de\/wp-json\/wp\/v2\/pages"}],"about":[{"href":"https:\/\/heylilahey.com\/de\/wp-json\/wp\/v2\/types\/page"}],"author":[{"embeddable":true,"href":"https:\/\/heylilahey.com\/de\/wp-json\/wp\/v2\/users\/1"}],"replies":[{"embeddable":true,"href":"https:\/\/heylilahey.com\/de\/wp-json\/wp\/v2\/comments?post=21568"}],"version-history":[{"count":3,"href":"https:\/\/heylilahey.com\/de\/wp-json\/wp\/v2\/pages\/21568\/revisions"}],"predecessor-version":[{"id":21614,"href":"https:\/\/heylilahey.com\/de\/wp-json\/wp\/v2\/pages\/21568\/revisions\/21614"}],"wp:attachment":[{"href":"https:\/\/heylilahey.com\/de\/wp-json\/wp\/v2\/media?parent=21568"}],"curies":[{"name":"wp","href":"https:\/\/api.w.org\/{rel}","templated":true}]}}