{"id":16185,"date":"2017-06-12T12:41:25","date_gmt":"2017-06-12T10:41:25","guid":{"rendered":"http:\/\/heylilahey.com\/?page_id=16185"},"modified":"2018-05-23T10:50:09","modified_gmt":"2018-05-23T08:50:09","slug":"info-sponsored-posts-affiliate-links-and-transparency","status":"publish","type":"page","link":"https:\/\/heylilahey.com\/de\/info-sponsored-posts-affiliate-links-and-transparency\/","title":{"rendered":"(English) sponsor and transparency"},"content":{"rendered":"<img class=\"alignnone size-full wp-image-16189\" src=\"http:\/\/heylilahey.com\/wp-content\/uploads\/2017\/06\/spons.jpg\" alt=\"spons\" width=\"1708\" height=\"441\" srcset=\"https:\/\/heylilahey.com\/wp-content\/uploads\/2017\/06\/spons.jpg 1708w, https:\/\/heylilahey.com\/wp-content\/uploads\/2017\/06\/spons-1000x258.jpg 1000w, https:\/\/heylilahey.com\/wp-content\/uploads\/2017\/06\/spons-800x207.jpg 800w, https:\/\/heylilahey.com\/wp-content\/uploads\/2017\/06\/spons-1536x397.jpg 1536w, https:\/\/heylilahey.com\/wp-content\/uploads\/2017\/06\/spons-320x83.jpg 320w, https:\/\/heylilahey.com\/wp-content\/uploads\/2017\/06\/spons-560x145.jpg 560w, https:\/\/heylilahey.com\/wp-content\/uploads\/2017\/06\/spons-1160x300.jpg 1160w\" sizes=\"(max-width: 1708px) 100vw, 1708px\" \/><\/p>\n<p><span style=\"text-decoration: underline;\"><strong>Disclaimer zu Werbung auf heylilahey<\/strong><\/span><\/p>\n<p><strong> Infos zu Affiliate Links:<\/strong> Damit ihr einfach und schnell an meine empfohlenen Produkte kommt, versuche ich so viele wie m\u00f6glich zu verlinken. Bei einigen handelt es sich dabei um Affiliate-Links. Wenn ihr dar\u00fcber etwas kauft (m\u00fcsst ihr nicht, k\u00f6nnt ihr aber) verdiene ich ein paar Euro dazu. Auf euch kommen keine Extra-Kosten hinzu und meine Empfehlung bleibt unbezahlt und authentisch. Bitly ist ein Tool zum K\u00fcrzen und Tracken von Links, das ich bei vielen Links (egal ob Affiliate oder nicht) verwende.&nbsp;<\/p>\n<p><strong>Bezahlte Blogposts<\/strong> werden eindeutig markiert, entweder durch &#8220;Sponsored Blogpost mit Firma XY&#8221; am Anfang der Werbung, sowie mit &#8220;Anzeige&#8221; unter dem Titel, oder mit &#8220;Unterst\u00fctzt durch Produktplatzierung von Firma XY&#8221; an der passenden Stelle &#8211; je nach Zusammenarbeit gibt es hier verschiedene Formen. Gemeinsam ist dem aber, dass ich es eindeutig kenntlich mache, f\u00fcr was ich bezahlt wurde. Trotzdem platziere ich nur Inhalte, die ich selbst gut finde und hinter denen ich stehe. Ich kann so mehr Zeit und Arbeit in Artikel und Aktionen stecken, die ich unverg\u00fctet&nbsp;vorstelle, zum Beispiel im Bereich Charity oder Umweltschutz.<\/p>\n<p><strong>Produktsamples:<\/strong> Dank meiner Arbeit f\u00fcr den Blog und auch meinen&nbsp;YouTube-Kanal bekomme ich gelegentlich Produkte, wie zum Beispiel Kleidung und Kosmetikprodukte, zum Testen zugesendet. Ob ich dar\u00fcber schreibe, entscheide ich (wenn ich daf\u00fcr bezahlt werde, markiere ich das als bezahlten Blogpost, siehe oben).&nbsp;Um euch mehr Transparenz zu bieten, markiere ich diese Produkte entweder direkt oder erkl\u00e4re im Textfluss, dass es ein zugesendetes Produkt ist. Meine Meinung bleibt dabei zu 100% echt und ehrlich!<br \/>","protected":false},"excerpt":{"rendered":"<div class=\"post-excerpt\">Disclaimer zu Werbung auf heylilahey Infos zu Affiliate Links: Damit ihr einfach und schnell an meine empfohlenen Produkte kommt, versuche ich so viele wie m\u00f6glich zu verlinken. Bei einigen handelt&hellip;<\/div>\n<div class=\"post-more\"><a href=\"https:\/\/heylilahey.com\/de\/info-sponsored-posts-affiliate-links-and-transparency\/\" class=\"button button-primary button-effect\"><span>Weiterlesen<\/span><span><i class=\"cs-icon cs-icon-arrow-right\"><\/i><\/span><\/a><\/div>\n","protected":false},"author":2,"featured_media":0,"parent":0,"menu_order":0,"comment_status":"closed","ping_status":"closed","template":"","meta":[],"_links":{"self":[{"href":"https:\/\/heylilahey.com\/de\/wp-json\/wp\/v2\/pages\/16185"}],"collection":[{"href":"https:\/\/heylilahey.com\/de\/wp-json\/wp\/v2\/pages"}],"about":[{"href":"https:\/\/heylilahey.com\/de\/wp-json\/wp\/v2\/types\/page"}],"author":[{"embeddable":true,"href":"https:\/\/heylilahey.com\/de\/wp-json\/wp\/v2\/users\/2"}],"replies":[{"embeddable":true,"href":"https:\/\/heylilahey.com\/de\/wp-json\/wp\/v2\/comments?post=16185"}],"version-history":[{"count":5,"href":"https:\/\/heylilahey.com\/de\/wp-json\/wp\/v2\/pages\/16185\/revisions"}],"predecessor-version":[{"id":21603,"href":"https:\/\/heylilahey.com\/de\/wp-json\/wp\/v2\/pages\/16185\/revisions\/21603"}],"wp:attachment":[{"href":"https:\/\/heylilahey.com\/de\/wp-json\/wp\/v2\/media?parent=16185"}],"curies":[{"name":"wp","href":"https:\/\/api.w.org\/{rel}","templated":true}]}}