{"id":15,"date":"2013-10-09T16:11:28","date_gmt":"2013-10-09T16:11:28","guid":{"rendered":"http:\/\/heylilahey.com\/?page_id=15"},"modified":"2019-12-12T18:03:16","modified_gmt":"2019-12-12T17:03:16","slug":"about","status":"publish","type":"page","link":"https:\/\/heylilahey.com\/de\/about\/","title":{"rendered":"About"},"content":{"rendered":"<div id=\"about-page\" style=\"float: left; margin-right: auto; margin-left: auto;\">\n<div class=\"about-container\">\n<div class=\"about-row\">\n<div class=\"aboutleftcont\">\n<div class=\"aboutcontent\"><img style=\"width: 100%; height: auto;\" src=\"http:\/\/farm9.staticflickr.com\/8500\/8310367916_5c4e02e6b3.jpg\" alt=\"heylilahey about avatar\"><\/div>\n<\/div>\n<div class=\"aboutrightcont\">\n<div class=\"aboutcontent\">\n<p>Heyyy, hier ist Mia, Psychologin, PR Beraterin und Bloggerin aus Berlin. Sch\u00f6n, dass ihr auf meinem Blog vorbeischaut! Ich habe heylilahey 2010 gegr\u00fcndet, als ich die New York Fashion Week besucht habe. Die Streetstyles und Kreativit\u00e4t hat mich unglaublich inspiriert und ich wollte einfach ein Teil dieser Fashion-Welt sein. So richtig ging es aber wirklich zwei Jahre sp\u00e4ter los, als ich nach Berlin gezogen bin, andere Blogger kennen gelernt, mich mit Modelabels ausgetauscht und an diversen Events teilgenommen habe.&nbsp;<\/p>\n<p>Doch nach einer Weile habe ich mich einfach nicht mehr mit dem typischen Blogger-Klischee wohlgef\u00fchlt: st\u00e4ndig bei Zara einkaufen, jeden Tag neue Kleidung zeigen und unbewusst Konsum und Wegwerfkultur feiern.<\/p>\n<p>Um sozusagen ein nachhaltiges Konsumverhalten zu lernen, habe ich 2013 einen sechsmonatigen Shopping-Ban durchgezogen. Das hei\u00dft, ich habe sechs Monate lang nichts geshoppt, keine Mode, keine Kosmetik, auch nicht Second Hand! Danach habe ich automatisch bewusster konsumier und mich mehr und mehr f\u00fcr faire Mode, Naturkosmetik und Nachhaltigkeit interessiert.<\/p>\n<p>Heute dreht sich auf heylilahey alles um faire Mode, Naturkosmetik, Zero Waste und Less Waste, Nachhaltigkeit, veganes Essen, Klimawandel und Tierschutz. Und ich freue mich \u00fcber jede*n Einzelne*n von euch, die ich zu einem nachhaltigeren Leben inspirieren kann!<\/p>\n<p>Ich werde niemals in der Lage sein, 100% nachhaltig oder Zero Waste zu leben, das ist einfach nicht sehr realistisch f\u00fcr mich (im Moment), aber ich versuche mein Bestes. Und auf heylilahey m\u00f6chte ich einfach zeigen, dass ein umweltfreundlicher, bewusster und fairer Lebensstil schick, erschwinglich und einfach zu verwirklichen sein und Spa\u00df machen kann.<\/p>\n<p>Meine Fair Fashion Blogposts: <a href=\"http:\/\/heylilahey.com\/category\/fair-fashion\/\" target=\"_blank\" rel=\"noopener noreferrer\">http:\/\/heylilahey.com\/category\/fair-fashion<\/a><\/p>\n<p>Naturkosmetik-Themen: <a href=\"https:\/\/heylilahey.com\/de\/category\/eco-lifestyle\/beauty\/\" target=\"_blank\" rel=\"noopener noreferrer\">https:\/\/heylilahey.com\/de\/category\/eco-lifestyle\/beauty\/<\/a><\/p>\n<p>Nachhaltigkeits-Themen: <a href=\"https:\/\/heylilahey.com\/de\/category\/eco-lifestyle\/sustainability\/\" target=\"_blank\" rel=\"noopener noreferrer\">https:\/\/heylilahey.com\/de\/category\/eco-lifestyle\/sustainability\/<\/a><\/p>\n<p>Disclaimer: Ich markiere oder beschreibe immer Produkte, die PR Samples sind, die ich also kostenlos und bedingungslos zum Testen erhalten habe. Bezahlte Kooperationen sind immer direkt eindeutig markiert. Einige Links k\u00f6nnen Affiliate-Links sein, das hei\u00dft, ich erhalte einen Prozentsatz des Verkaufspreises (ihr zahlt nicht mehr, es ist nur eine M\u00f6glichkeit f\u00fcr mich, eine Provision von dem Online-Shop zu erhalten, in dem ihr einkauft). Diese habe ich auch jeweils markiert.&nbsp;<\/p>\n<p>Get in touch: <a href=\"mailto:miaheylila@gmail.com\">miaheylila@gmail.com<\/a><\/p>\n<\/div>\n<\/div>\n<\/div>\n<\/div>\n<\/div>","protected":false},"excerpt":{"rendered":"<div class=\"post-excerpt\">Heyyy, hier ist Mia, Psychologin, PR Beraterin und Bloggerin aus Berlin. Sch\u00f6n, dass ihr auf meinem Blog vorbeischaut! Ich habe heylilahey 2010 gegr\u00fcndet, als ich die New York Fashion Week&hellip;<\/div>\n<div class=\"post-more\"><a href=\"https:\/\/heylilahey.com\/de\/about\/\" class=\"button button-primary button-effect\"><span>Weiterlesen<\/span><span><i class=\"cs-icon cs-icon-arrow-right\"><\/i><\/span><\/a><\/div>\n","protected":false},"author":1,"featured_media":0,"parent":0,"menu_order":0,"comment_status":"closed","ping_status":"closed","template":"","meta":[],"_links":{"self":[{"href":"https:\/\/heylilahey.com\/de\/wp-json\/wp\/v2\/pages\/15"}],"collection":[{"href":"https:\/\/heylilahey.com\/de\/wp-json\/wp\/v2\/pages"}],"about":[{"href":"https:\/\/heylilahey.com\/de\/wp-json\/wp\/v2\/types\/page"}],"author":[{"embeddable":true,"href":"https:\/\/heylilahey.com\/de\/wp-json\/wp\/v2\/users\/1"}],"replies":[{"embeddable":true,"href":"https:\/\/heylilahey.com\/de\/wp-json\/wp\/v2\/comments?post=15"}],"version-history":[{"count":35,"href":"https:\/\/heylilahey.com\/de\/wp-json\/wp\/v2\/pages\/15\/revisions"}],"predecessor-version":[{"id":27247,"href":"https:\/\/heylilahey.com\/de\/wp-json\/wp\/v2\/pages\/15\/revisions\/27247"}],"wp:attachment":[{"href":"https:\/\/heylilahey.com\/de\/wp-json\/wp\/v2\/media?parent=15"}],"curies":[{"name":"wp","href":"https:\/\/api.w.org\/{rel}","templated":true}]}}